{"id":45,"date":"2025-07-08T10:49:12","date_gmt":"2025-07-08T10:49:12","guid":{"rendered":"https:\/\/linearte.vndesign.pt\/?page_id=45"},"modified":"2025-07-11T19:55:49","modified_gmt":"2025-07-11T19:55:49","slug":"sobre","status":"publish","type":"page","link":"https:\/\/linearte.vndesign.pt\/?page_id=45","title":{"rendered":"Sobre"},"content":{"rendered":"\n<div class=\"wp-block-greenshift-blocks-container gspb_container gspb_container-gsbp-1fb2ec8\" id=\"gspb_container-id-gsbp-1fb2ec8\">\n<div class=\"wp-block-greenshift-blocks-row gspb_row gspb_row-id-gsbp-d7f0cf7\" id=\"gspb_row-id-gsbp-d7f0cf7\"><div class=\"gspb_row__content\"> \n<div class=\"wp-block-greenshift-blocks-row-column gspb_row__col--6 gspb_col-id-gsbp-31637d4\" id=\"gspb_col-id-gsbp-31637d4\">\n<h2 id=\"gspb_heading-id-gsbp-3ba84a2\" class=\"gspb_heading gspb_heading-id-gsbp-3ba84a2 \"><strong><strong><strong><strong><strong>Sobre<\/strong><\/strong><\/strong><\/strong><\/strong><\/h2>\n<\/div>\n\n\n\n<div class=\"wp-block-greenshift-blocks-row-column gspb_row__col--6 gspb_col-id-gsbp-8a994e7\" id=\"gspb_col-id-gsbp-8a994e7\">\n<div id=\"gspb_text-id-gsbp-86f2f41\" class=\"gspb_text gspb_text-id-gsbp-86f2f41 \">Arte Linear celebra a express\u00e3o do LineArt em suas m\u00faltiplas combina\u00e7\u00f5es criativas.<br><br>Com galerias que exploram tra\u00e7os lineares em diversas abordagens, o site oferece um espa\u00e7o envolvente para descoberta e aprendizado.<br><br>\u00c9 uma plataforma que une inspira\u00e7\u00e3o e conhecimento pr\u00e1tico, trazendo tutoriais sobre ferramentas e t\u00e9cnicas de LineArt, ideais para artistas que desejam aprimorar suas habilidades e criar obras impactantes e expressivas.<\/div>\n<\/div>\n\n\n\n<div class=\"wp-block-greenshift-blocks-row-column gspb_row__col--6 gspb_col-id-gsbp-0f4d9f7\" id=\"gspb_col-id-gsbp-0f4d9f7\">\n<div class=\"wp-block-greenshift-blocks-image gspb_image gspb_image-id-gsbp-bd1d8d1\" id=\"gspb_image-id-gsbp-bd1d8d1\"><img decoding=\"async\" src=\"http:\/\/linearte.vndesign.pt\/wp-content\/uploads\/2025\/07\/Sobre-Arte-Linear.webp\" data-src=\"\" alt=\"\" loading=\"lazy\" width=\"1920\" height=\"1898\"\/><\/div>\n<\/div>\n <\/div><\/div>\n<\/div>\n","protected":false},"excerpt":{"rendered":"","protected":false},"author":1,"featured_media":0,"parent":0,"menu_order":0,"comment_status":"closed","ping_status":"closed","template":"","meta":{"_gspb_post_css":".gspb_container-id-gsbp-1fb2ec8{flex-direction:column;box-sizing:border-box}#gspb_container-id-gsbp-1fb2ec8.gspb_container>p:last-of-type{margin-bottom:0}#gspb_container-id-gsbp-1fb2ec8.gspb_container{position:relative;display:flex;flex-direction:column;row-gap:90px}#gspb_row-id-gsbp-d7f0cf7{justify-content:space-between;margin-top:0;margin-bottom:0;display:flex;flex-wrap:wrap}#gspb_row-id-gsbp-d7f0cf7>.gspb_row__content{display:flex;justify-content:space-between;margin:0 auto;width:100%;flex-wrap:wrap}.gspb_row{position:relative}div[id^=gspb_col-id]{box-sizing:border-box;position:relative;padding:var(--gs-row-column-padding, 15px min(3vw, 20px))}body.gspb-bodyfront #gspb_row-id-gsbp-d7f0cf7>.gspb_row__content{width:var(--theme-container-width, 1200px);max-width:var(--theme-normal-container-max-width, 1200px)}#gspb_col-id-gsbp-31637d4.gspb_row__col--6{width:50%}@media (max-width:575.98px){#gspb_col-id-gsbp-31637d4.gspb_row__col--6{width:100%}}@media (min-width:992px){body.gspb-bodyfront #gspb_col-id-gsbp-31637d4.gspb_row__col--6{width:calc(100% - 0px - 0px)}}@media (min-width:576px) and (max-width:991.98px){body.gspb-bodyfront #gspb_col-id-gsbp-31637d4.gspb_row__col--6{width:calc(100% - 0px - 0px)}}body #gspb_col-id-gsbp-0f4d9f7.gspb_row__col--6,body #gspb_col-id-gsbp-31637d4.gspb_row__col--6,body #gspb_col-id-gsbp-8a994e7.gspb_row__col--6{display:flex;flex-direction:column;justify-content:center;align-items:center;row-gap:40px}#gspb_heading-id-gsbp-3ba84a2{font-size:2.4rem;line-height:2.3rem}@media (max-width:991.98px){#gspb_heading-id-gsbp-3ba84a2{line-height:3rem}}@media (max-width:575.98px){#gspb_heading-id-gsbp-3ba84a2{font-size:2rem;line-height:2rem}}#gspb_heading-id-gsbp-3ba84a2,#gspb_heading-id-gsbp-3ba84a2 a{text-decoration:none}#gspb_heading-id-gsbp-3ba84a2{margin:0;border-bottom-style:solid;border-bottom-width:2px}#gspb_col-id-gsbp-8a994e7.gspb_row__col--6{width:50%}@media (max-width:575.98px){#gspb_col-id-gsbp-8a994e7.gspb_row__col--6{width:100%}}@media (min-width:576px) and (max-width:991.98px){body.gspb-bodyfront #gspb_col-id-gsbp-8a994e7.gspb_row__col--6{width:calc(100% - 0px - 0px)}}#gspb_col-id-gsbp-0f4d9f7.gspb_row__col--6{width:50%}@media (max-width:575.98px){#gspb_col-id-gsbp-0f4d9f7.gspb_row__col--6{width:100%}}@media (min-width:576px) and (max-width:991.98px){body.gspb-bodyfront #gspb_col-id-gsbp-0f4d9f7.gspb_row__col--6{width:calc(100% - 0px - 0px)}}#gspb_image-id-gsbp-bd1d8d1 img{vertical-align:top;display:inline-block;box-sizing:border-box;max-width:100%;height:auto}","footnotes":""},"class_list":["post-45","page","type-page","status-publish","hentry"],"blocksy_meta":[],"_links":{"self":[{"href":"https:\/\/linearte.vndesign.pt\/index.php?rest_route=\/wp\/v2\/pages\/45","targetHints":{"allow":["GET"]}}],"collection":[{"href":"https:\/\/linearte.vndesign.pt\/index.php?rest_route=\/wp\/v2\/pages"}],"about":[{"href":"https:\/\/linearte.vndesign.pt\/index.php?rest_route=\/wp\/v2\/types\/page"}],"author":[{"embeddable":true,"href":"https:\/\/linearte.vndesign.pt\/index.php?rest_route=\/wp\/v2\/users\/1"}],"replies":[{"embeddable":true,"href":"https:\/\/linearte.vndesign.pt\/index.php?rest_route=%2Fwp%2Fv2%2Fcomments&post=45"}],"version-history":[{"count":8,"href":"https:\/\/linearte.vndesign.pt\/index.php?rest_route=\/wp\/v2\/pages\/45\/revisions"}],"predecessor-version":[{"id":141,"href":"https:\/\/linearte.vndesign.pt\/index.php?rest_route=\/wp\/v2\/pages\/45\/revisions\/141"}],"wp:attachment":[{"href":"https:\/\/linearte.vndesign.pt\/index.php?rest_route=%2Fwp%2Fv2%2Fmedia&parent=45"}],"curies":[{"name":"wp","href":"https:\/\/api.w.org\/{rel}","templated":true}]}}